{"id":287,"date":"2022-07-03T11:44:43","date_gmt":"2022-07-03T09:44:43","guid":{"rendered":"https:\/\/www.artemid.fr\/?page_id=287"},"modified":"2024-11-07T15:17:40","modified_gmt":"2024-11-07T14:17:40","slug":"assistance-globale-a-la-direction-financiere","status":"publish","type":"page","link":"https:\/\/www.artemid.fr\/?page_id=287","title":{"rendered":"Assistance globale \u00e0 la direction financi\u00e8re"},"content":{"rendered":"\t\t<div data-elementor-type=\"wp-page\" data-elementor-id=\"287\" class=\"elementor elementor-287\" data-elementor-post-type=\"page\">\n\t\t\t\t\t\t<section class=\"elementor-section elementor-top-section elementor-element elementor-element-59f4cd70 elementor-section-boxed elementor-section-height-default elementor-section-height-default\" data-id=\"59f4cd70\" data-element_type=\"section\" data-e-type=\"section\">\n\t\t\t\t\t\t<div class=\"elementor-container elementor-column-gap-default\">\n\t\t\t\t\t<div class=\"elementor-column elementor-col-100 elementor-top-column elementor-element elementor-element-4475e836\" data-id=\"4475e836\" data-element_type=\"column\" data-e-type=\"column\">\n\t\t\t<div class=\"elementor-widget-wrap elementor-element-populated\">\n\t\t\t\t\t\t<div class=\"elementor-element elementor-element-1309e43d elementor-widget elementor-widget-spacer\" data-id=\"1309e43d\" data-element_type=\"widget\" data-e-type=\"widget\" data-widget_type=\"spacer.default\">\n\t\t\t\t<div class=\"elementor-widget-container\">\n\t\t\t\t\t\t\t<div class=\"elementor-spacer\">\n\t\t\t<div class=\"elementor-spacer-inner\"><\/div>\n\t\t<\/div>\n\t\t\t\t\t\t<\/div>\n\t\t\t\t<\/div>\n\t\t\t\t\t<\/div>\n\t\t<\/div>\n\t\t\t\t\t<\/div>\n\t\t<\/section>\n\t\t\t\t<section class=\"elementor-section elementor-top-section elementor-element elementor-element-7b625ef2 elementor-section-height-full elementor-section-boxed elementor-section-height-default elementor-section-items-middle\" data-id=\"7b625ef2\" data-element_type=\"section\" data-e-type=\"section\">\n\t\t\t\t\t\t\t<div class=\"elementor-background-overlay\"><\/div>\n\t\t\t\t\t\t\t<div class=\"elementor-container elementor-column-gap-default\">\n\t\t\t\t\t<div class=\"elementor-column elementor-col-100 elementor-top-column elementor-element elementor-element-73b58c03\" data-id=\"73b58c03\" data-element_type=\"column\" data-e-type=\"column\">\n\t\t\t<div class=\"elementor-widget-wrap elementor-element-populated\">\n\t\t\t\t\t\t<div class=\"elementor-element elementor-element-6ec3ecd elementor-widget elementor-widget-heading\" data-id=\"6ec3ecd\" data-element_type=\"widget\" data-e-type=\"widget\" data-widget_type=\"heading.default\">\n\t\t\t\t<div class=\"elementor-widget-container\">\n\t\t\t\t\t<h2 class=\"elementor-heading-title elementor-size-default\">Assistance globale \u00e0 la direction financi\u00e8re<\/h2>\t\t\t\t<\/div>\n\t\t\t\t<\/div>\n\t\t\t\t<div class=\"elementor-element elementor-element-72c6124f elementor-widget elementor-widget-spacer\" data-id=\"72c6124f\" data-element_type=\"widget\" data-e-type=\"widget\" data-widget_type=\"spacer.default\">\n\t\t\t\t<div class=\"elementor-widget-container\">\n\t\t\t\t\t\t\t<div class=\"elementor-spacer\">\n\t\t\t<div class=\"elementor-spacer-inner\"><\/div>\n\t\t<\/div>\n\t\t\t\t\t\t<\/div>\n\t\t\t\t<\/div>\n\t\t\t\t<div class=\"elementor-element elementor-element-3c03984b elementor-widget elementor-widget-text-editor\" data-id=\"3c03984b\" data-element_type=\"widget\" data-e-type=\"widget\" data-widget_type=\"text-editor.default\">\n\t\t\t\t<div class=\"elementor-widget-container\">\n\t\t\t\t\t\t\t\t\t<p>Les services comptables et financiers ont pour mission de produire une information financi\u00e8re de qualit\u00e9, c&rsquo;est-\u00e0-dire pertinente, fiable, comparable et disponible dans les d\u00e9lais impartis. Cependant, certains \u00e9v\u00e9nements peuvent compromettre la r\u00e9alisation de ces objectifs. ARTEMID vous propose la solution adapt\u00e9e \u00e0 chacune de vos probl\u00e9matiques\u00a0:<\/p><p>Restructuration au sein du groupe cr\u00e9ant un besoin en\u00a0:<\/p><ul><li>Ressources suppl\u00e9mentaires<\/li><li>Comp\u00e9tences techniques particuli\u00e8res<\/li><li>Externalisation de tout ou partie de la fonction comptable<\/li><li>Pilotage de la r\u00e9organisation de la direction financi\u00e8re<\/li><li>Accompagnement m\u00e9thodologique et op\u00e9rationnel dans la mise en \u0153uvre du contr\u00f4le interne financier<\/li><li>Remplacement d\u2019un membre de l\u2019\u00e9quipe\u00a0: directeur financier, chef comptable, contr\u00f4leur de gestion<\/li><li>Surcro\u00eet temporaire de travail li\u00e9 \u00e0 la p\u00e9riode de cl\u00f4ture des comptes annuels, au raccourcissement des d\u00e9lais de production ou \u00e0 un projet sp\u00e9cifique<\/li><\/ul>\t\t\t\t\t\t\t\t<\/div>\n\t\t\t\t<\/div>\n\t\t\t\t\t<\/div>\n\t\t<\/div>\n\t\t\t\t\t<\/div>\n\t\t<\/section>\n\t\t\t\t<section class=\"elementor-section elementor-top-section elementor-element elementor-element-fbdae2b elementor-section-boxed elementor-section-height-default elementor-section-height-default\" data-id=\"fbdae2b\" data-element_type=\"section\" data-e-type=\"section\">\n\t\t\t\t\t\t<div class=\"elementor-container elementor-column-gap-default\">\n\t\t\t\t\t<div class=\"elementor-column elementor-col-100 elementor-top-column elementor-element elementor-element-a829442\" data-id=\"a829442\" data-element_type=\"column\" data-e-type=\"column\">\n\t\t\t<div class=\"elementor-widget-wrap elementor-element-populated\">\n\t\t\t\t\t\t<div class=\"elementor-element elementor-element-c73bdcf elementor-widget elementor-widget-spacer\" data-id=\"c73bdcf\" data-element_type=\"widget\" data-e-type=\"widget\" data-widget_type=\"spacer.default\">\n\t\t\t\t<div class=\"elementor-widget-container\">\n\t\t\t\t\t\t\t<div class=\"elementor-spacer\">\n\t\t\t<div class=\"elementor-spacer-inner\"><\/div>\n\t\t<\/div>\n\t\t\t\t\t\t<\/div>\n\t\t\t\t<\/div>\n\t\t\t\t\t<\/div>\n\t\t<\/div>\n\t\t\t\t\t<\/div>\n\t\t<\/section>\n\t\t\t\t<\/div>\n\t\t","protected":false},"excerpt":{"rendered":"<p>Assistance globale \u00e0 la direction financi\u00e8re Les services comptables et financiers ont pour mission de produire une information financi\u00e8re de qualit\u00e9, c&rsquo;est-\u00e0-dire pertinente, fiable, comparable et disponible dans les d\u00e9lais impartis. Cependant, certains \u00e9v\u00e9nements peuvent compromettre la r\u00e9alisation de ces objectifs. ARTEMID vous propose la solution adapt\u00e9e \u00e0 chacune de vos probl\u00e9matiques\u00a0: Restructuration au sein [&hellip;]<\/p>\n","protected":false},"author":2,"featured_media":0,"parent":0,"menu_order":0,"comment_status":"closed","ping_status":"closed","template":"elementor_header_footer","meta":{"footnotes":""},"class_list":["post-287","page","type-page","status-publish","hentry"],"_links":{"self":[{"href":"https:\/\/www.artemid.fr\/index.php?rest_route=\/wp\/v2\/pages\/287","targetHints":{"allow":["GET"]}}],"collection":[{"href":"https:\/\/www.artemid.fr\/index.php?rest_route=\/wp\/v2\/pages"}],"about":[{"href":"https:\/\/www.artemid.fr\/index.php?rest_route=\/wp\/v2\/types\/page"}],"author":[{"embeddable":true,"href":"https:\/\/www.artemid.fr\/index.php?rest_route=\/wp\/v2\/users\/2"}],"replies":[{"embeddable":true,"href":"https:\/\/www.artemid.fr\/index.php?rest_route=%2Fwp%2Fv2%2Fcomments&post=287"}],"version-history":[{"count":20,"href":"https:\/\/www.artemid.fr\/index.php?rest_route=\/wp\/v2\/pages\/287\/revisions"}],"predecessor-version":[{"id":1006,"href":"https:\/\/www.artemid.fr\/index.php?rest_route=\/wp\/v2\/pages\/287\/revisions\/1006"}],"wp:attachment":[{"href":"https:\/\/www.artemid.fr\/index.php?rest_route=%2Fwp%2Fv2%2Fmedia&parent=287"}],"curies":[{"name":"wp","href":"https:\/\/api.w.org\/{rel}","templated":true}]}}