{"id":268,"date":"2022-07-03T11:03:15","date_gmt":"2022-07-03T09:03:15","guid":{"rendered":"https:\/\/www.artemid.fr\/?page_id=268"},"modified":"2024-11-07T15:15:55","modified_gmt":"2024-11-07T14:15:55","slug":"paie-et-ressources-humaines","status":"publish","type":"page","link":"https:\/\/www.artemid.fr\/?page_id=268","title":{"rendered":"Paie et ressources Humaines"},"content":{"rendered":"\t\t<div data-elementor-type=\"wp-page\" data-elementor-id=\"268\" class=\"elementor elementor-268\" data-elementor-post-type=\"page\">\n\t\t\t\t\t\t<section class=\"elementor-section elementor-top-section elementor-element elementor-element-2d5542c1 elementor-section-boxed elementor-section-height-default elementor-section-height-default\" data-id=\"2d5542c1\" data-element_type=\"section\" data-e-type=\"section\">\n\t\t\t\t\t\t<div class=\"elementor-container elementor-column-gap-default\">\n\t\t\t\t\t<div class=\"elementor-column elementor-col-100 elementor-top-column elementor-element elementor-element-45166f5e\" data-id=\"45166f5e\" data-element_type=\"column\" data-e-type=\"column\">\n\t\t\t<div class=\"elementor-widget-wrap elementor-element-populated\">\n\t\t\t\t\t\t<div class=\"elementor-element elementor-element-750db21f elementor-widget elementor-widget-spacer\" data-id=\"750db21f\" data-element_type=\"widget\" data-e-type=\"widget\" data-widget_type=\"spacer.default\">\n\t\t\t\t<div class=\"elementor-widget-container\">\n\t\t\t\t\t\t\t<div class=\"elementor-spacer\">\n\t\t\t<div class=\"elementor-spacer-inner\"><\/div>\n\t\t<\/div>\n\t\t\t\t\t\t<\/div>\n\t\t\t\t<\/div>\n\t\t\t\t\t<\/div>\n\t\t<\/div>\n\t\t\t\t\t<\/div>\n\t\t<\/section>\n\t\t\t\t<section class=\"elementor-section elementor-top-section elementor-element elementor-element-60bdbe97 elementor-section-height-full elementor-section-boxed elementor-section-height-default elementor-section-items-middle\" data-id=\"60bdbe97\" data-element_type=\"section\" data-e-type=\"section\">\n\t\t\t\t\t\t\t<div class=\"elementor-background-overlay\"><\/div>\n\t\t\t\t\t\t\t<div class=\"elementor-container elementor-column-gap-default\">\n\t\t\t\t\t<div class=\"elementor-column elementor-col-100 elementor-top-column elementor-element elementor-element-210c16bb\" data-id=\"210c16bb\" data-element_type=\"column\" data-e-type=\"column\">\n\t\t\t<div class=\"elementor-widget-wrap elementor-element-populated\">\n\t\t\t\t\t\t<div class=\"elementor-element elementor-element-332e56e0 elementor-widget elementor-widget-heading\" data-id=\"332e56e0\" data-element_type=\"widget\" data-e-type=\"widget\" data-widget_type=\"heading.default\">\n\t\t\t\t<div class=\"elementor-widget-container\">\n\t\t\t\t\t<h2 class=\"elementor-heading-title elementor-size-default\">Paie et Ressources Humaines<\/h2>\t\t\t\t<\/div>\n\t\t\t\t<\/div>\n\t\t\t\t<div class=\"elementor-element elementor-element-3d513e05 elementor-widget elementor-widget-spacer\" data-id=\"3d513e05\" data-element_type=\"widget\" data-e-type=\"widget\" data-widget_type=\"spacer.default\">\n\t\t\t\t<div class=\"elementor-widget-container\">\n\t\t\t\t\t\t\t<div class=\"elementor-spacer\">\n\t\t\t<div class=\"elementor-spacer-inner\"><\/div>\n\t\t<\/div>\n\t\t\t\t\t\t<\/div>\n\t\t\t\t<\/div>\n\t\t\t\t<div class=\"elementor-element elementor-element-209ed2aa elementor-widget elementor-widget-text-editor\" data-id=\"209ed2aa\" data-element_type=\"widget\" data-e-type=\"widget\" data-widget_type=\"text-editor.default\">\n\t\t\t\t<div class=\"elementor-widget-container\">\n\t\t\t\t\t\t\t\t\t<p>Notre service social met \u00e0 votre disposition ses comp\u00e9tences et sa connaissance de la l\u00e9gislation sociale pour vous assister au quotidien dans la gestion de vos ressources humaines.<\/p><p><b>\u00a0Externalisation de la paie <\/b><\/p><p>Toujours dans une d\u00e9marche de facilitation des \u00e9quipes dirigeantes de l\u2019entreprise, ARTEMID assure le traitement de la paie des salari\u00e9s de l\u2019entreprise. Celle-ci pr\u00e9sente un enjeu strat\u00e9gique compte tenu de l\u2019\u00e9volution permanente de la r\u00e9glementation. Nous vous proposons des solutions qui vous permettent d\u2019assurer le respect de vos obligations, qu\u2019elles soient d\u2019ordre sociales ou l\u00e9gales :<\/p><ul><li>Traitement de la paie<\/li><li>Audit social<\/li><li>Assistance \u00e0 contr\u00f4le Urssaf<\/li><li>R\u00e9daction des contrats de travail<\/li><\/ul><p>\u00a0<\/p><p>Notre \u00e9quipe est dot\u00e9e d\u2019une expertise dans diff\u00e9rents secteurs d\u2019activit\u00e9 et ma\u00eetrise la l\u00e9gislation sociale et ses actualit\u00e9s. Nous sommes donc en mesure de r\u00e9pondre \u00e0 tous types de besoins et d\u2019entreprises sur la gestion de la paie et des ressources humaines.<\/p>\t\t\t\t\t\t\t\t<\/div>\n\t\t\t\t<\/div>\n\t\t\t\t\t<\/div>\n\t\t<\/div>\n\t\t\t\t\t<\/div>\n\t\t<\/section>\n\t\t\t\t<section class=\"elementor-section elementor-top-section elementor-element elementor-element-11b505e4 elementor-section-boxed elementor-section-height-default elementor-section-height-default\" data-id=\"11b505e4\" data-element_type=\"section\" data-e-type=\"section\">\n\t\t\t\t\t\t<div class=\"elementor-container elementor-column-gap-default\">\n\t\t\t\t\t<div class=\"elementor-column elementor-col-100 elementor-top-column elementor-element elementor-element-5eaf3c10\" data-id=\"5eaf3c10\" data-element_type=\"column\" data-e-type=\"column\">\n\t\t\t<div class=\"elementor-widget-wrap elementor-element-populated\">\n\t\t\t\t\t\t<div class=\"elementor-element elementor-element-60ce48b5 elementor-widget elementor-widget-spacer\" data-id=\"60ce48b5\" data-element_type=\"widget\" data-e-type=\"widget\" data-widget_type=\"spacer.default\">\n\t\t\t\t<div class=\"elementor-widget-container\">\n\t\t\t\t\t\t\t<div class=\"elementor-spacer\">\n\t\t\t<div class=\"elementor-spacer-inner\"><\/div>\n\t\t<\/div>\n\t\t\t\t\t\t<\/div>\n\t\t\t\t<\/div>\n\t\t\t\t\t<\/div>\n\t\t<\/div>\n\t\t\t\t\t<\/div>\n\t\t<\/section>\n\t\t\t\t<\/div>\n\t\t","protected":false},"excerpt":{"rendered":"<p>Paie et Ressources Humaines Notre service social met \u00e0 votre disposition ses comp\u00e9tences et sa connaissance de la l\u00e9gislation sociale pour vous assister au quotidien dans la gestion de vos ressources humaines. \u00a0Externalisation de la paie Toujours dans une d\u00e9marche de facilitation des \u00e9quipes dirigeantes de l\u2019entreprise, ARTEMID assure le traitement de la paie des [&hellip;]<\/p>\n","protected":false},"author":2,"featured_media":0,"parent":0,"menu_order":0,"comment_status":"closed","ping_status":"closed","template":"elementor_header_footer","meta":{"footnotes":""},"class_list":["post-268","page","type-page","status-publish","hentry"],"_links":{"self":[{"href":"https:\/\/www.artemid.fr\/index.php?rest_route=\/wp\/v2\/pages\/268","targetHints":{"allow":["GET"]}}],"collection":[{"href":"https:\/\/www.artemid.fr\/index.php?rest_route=\/wp\/v2\/pages"}],"about":[{"href":"https:\/\/www.artemid.fr\/index.php?rest_route=\/wp\/v2\/types\/page"}],"author":[{"embeddable":true,"href":"https:\/\/www.artemid.fr\/index.php?rest_route=\/wp\/v2\/users\/2"}],"replies":[{"embeddable":true,"href":"https:\/\/www.artemid.fr\/index.php?rest_route=%2Fwp%2Fv2%2Fcomments&post=268"}],"version-history":[{"count":16,"href":"https:\/\/www.artemid.fr\/index.php?rest_route=\/wp\/v2\/pages\/268\/revisions"}],"predecessor-version":[{"id":1003,"href":"https:\/\/www.artemid.fr\/index.php?rest_route=\/wp\/v2\/pages\/268\/revisions\/1003"}],"wp:attachment":[{"href":"https:\/\/www.artemid.fr\/index.php?rest_route=%2Fwp%2Fv2%2Fmedia&parent=268"}],"curies":[{"name":"wp","href":"https:\/\/api.w.org\/{rel}","templated":true}]}}