{"id":212,"date":"2022-07-03T11:45:48","date_gmt":"2022-07-03T09:45:48","guid":{"rendered":"https:\/\/www.artemid.fr\/?page_id=212"},"modified":"2024-11-19T06:42:11","modified_gmt":"2024-11-19T05:42:11","slug":"expertise-comptable","status":"publish","type":"page","link":"https:\/\/www.artemid.fr\/?page_id=212","title":{"rendered":"Expertise Comptable"},"content":{"rendered":"\t\t<div data-elementor-type=\"wp-page\" data-elementor-id=\"212\" class=\"elementor elementor-212\" data-elementor-post-type=\"page\">\n\t\t\t\t\t\t<section class=\"elementor-section elementor-top-section elementor-element elementor-element-4573480 elementor-section-boxed elementor-section-height-default elementor-section-height-default\" data-id=\"4573480\" data-element_type=\"section\" data-e-type=\"section\">\n\t\t\t\t\t\t<div class=\"elementor-container elementor-column-gap-default\">\n\t\t\t\t\t<div class=\"elementor-column elementor-col-100 elementor-top-column elementor-element elementor-element-7df950c\" data-id=\"7df950c\" data-element_type=\"column\" data-e-type=\"column\">\n\t\t\t<div class=\"elementor-widget-wrap elementor-element-populated\">\n\t\t\t\t\t\t<div class=\"elementor-element elementor-element-9b8a902 elementor-widget elementor-widget-spacer\" data-id=\"9b8a902\" data-element_type=\"widget\" data-e-type=\"widget\" data-widget_type=\"spacer.default\">\n\t\t\t\t<div class=\"elementor-widget-container\">\n\t\t\t\t\t\t\t<div class=\"elementor-spacer\">\n\t\t\t<div class=\"elementor-spacer-inner\"><\/div>\n\t\t<\/div>\n\t\t\t\t\t\t<\/div>\n\t\t\t\t<\/div>\n\t\t\t\t\t<\/div>\n\t\t<\/div>\n\t\t\t\t\t<\/div>\n\t\t<\/section>\n\t\t\t\t<section class=\"elementor-section elementor-top-section elementor-element elementor-element-f534d8a elementor-section-height-full elementor-section-boxed elementor-section-height-default elementor-section-items-middle\" data-id=\"f534d8a\" data-element_type=\"section\" data-e-type=\"section\">\n\t\t\t\t\t\t\t<div class=\"elementor-background-overlay\"><\/div>\n\t\t\t\t\t\t\t<div class=\"elementor-container elementor-column-gap-default\">\n\t\t\t\t\t<div class=\"elementor-column elementor-col-50 elementor-top-column elementor-element elementor-element-cc82566\" data-id=\"cc82566\" data-element_type=\"column\" data-e-type=\"column\">\n\t\t\t<div class=\"elementor-widget-wrap elementor-element-populated\">\n\t\t\t\t\t\t\t<\/div>\n\t\t<\/div>\n\t\t\t\t<div class=\"elementor-column elementor-col-50 elementor-top-column elementor-element elementor-element-09af3c9\" data-id=\"09af3c9\" data-element_type=\"column\" data-e-type=\"column\">\n\t\t\t<div class=\"elementor-widget-wrap elementor-element-populated\">\n\t\t\t\t\t\t<div class=\"elementor-element elementor-element-e2e085e elementor-widget elementor-widget-heading\" data-id=\"e2e085e\" data-element_type=\"widget\" data-e-type=\"widget\" data-widget_type=\"heading.default\">\n\t\t\t\t<div class=\"elementor-widget-container\">\n\t\t\t\t\t<h2 class=\"elementor-heading-title elementor-size-default\">Expertise Comptable<\/h2>\t\t\t\t<\/div>\n\t\t\t\t<\/div>\n\t\t\t\t<div class=\"elementor-element elementor-element-c3eb4c5 elementor-widget elementor-widget-spacer\" data-id=\"c3eb4c5\" data-element_type=\"widget\" data-e-type=\"widget\" data-widget_type=\"spacer.default\">\n\t\t\t\t<div class=\"elementor-widget-container\">\n\t\t\t\t\t\t\t<div class=\"elementor-spacer\">\n\t\t\t<div class=\"elementor-spacer-inner\"><\/div>\n\t\t<\/div>\n\t\t\t\t\t\t<\/div>\n\t\t\t\t<\/div>\n\t\t\t\t<div class=\"elementor-element elementor-element-eda56d9 elementor-widget elementor-widget-text-editor\" data-id=\"eda56d9\" data-element_type=\"widget\" data-e-type=\"widget\" data-widget_type=\"text-editor.default\">\n\t\t\t\t<div class=\"elementor-widget-container\">\n\t\t\t\t\t\t\t\t\t<p>Vos besoins sont sp\u00e9cifiques et votre entreprise est unique, c\u2019est pourquoi nous vous proposons des solutions flexibles et adapt\u00e9es \u00e0 votre taille et votre environnement.<\/p><p>Nos solutions couvrent de la tenue compl\u00e8te de votre comptabilit\u00e9 par l\u2019externalisation de cette fonction \u00e0 l\u2019assistance de votre service comptable pour l\u2019\u00e9tablissement des \u00e9tats financiers et la r\u00e9vision de vos comptes.<\/p><p><b>Com<\/b><b>ptabilit\u00e9 <\/b><\/p><p>Conscients que la comptabilit\u00e9 repr\u00e9sente un indicateur pr\u00e9pond\u00e9rant dans les d\u00e9cisions strat\u00e9giques de l\u2019entreprise, ARTEMID s\u2019engage \u00e0 vous apporter une prestation compl\u00e8te et adapt\u00e9e \u00e0 la taille de votre entreprise et aux besoins de votre activit\u00e9.<\/p><p>Cet engagement se traduit concr\u00e8tement par :<\/p><ul><li>La mise \u00e0 jour r\u00e9guli\u00e8re et fiable de l\u2019information comptable,<\/li><li>Des \u00e9quipes d\u00e9di\u00e9es \u00e9quip\u00e9es d\u2019outils performants et connaissant votre domaine d\u2019activit\u00e9,<\/li><li>La mise en \u0153uvre de diligences de r\u00e9vision et de justification des comptes,<\/li><li>Le respect des d\u00e9lais r\u00e9glementaires et internes.<\/li><\/ul><p>\u00a0<\/p><p><b>Prise <\/b><b>en charge des obligations fiscales<\/b><\/p><p>Les exigences fiscales attendues d\u2019une entreprise peuvent s\u2019av\u00e9rer nombreuses et complexes selon les soci\u00e9t\u00e9s.<\/p><p>Pour cela, en qualit\u00e9 d\u2019expert-comptable, ARTEMID vous accompagne dans votre fiscalit\u00e9. Nous \u00e9tablissons pour vous toutes vos d\u00e9clarations fiscales, vos cl\u00f4tures d\u2019exercice et nous optimisons avec vous vos choix en mati\u00e8re de fiscalit\u00e9.<\/p><p><b>Juridique <\/b><\/p><p>Dans le cadre de notre mission d\u2019expertise comptable nous vous accompagnons dans la cr\u00e9ation de votre entreprise et dans l\u2019\u00e9tablissement du secr\u00e9tariat juridique mais plus encore dans vos op\u00e9rations de restructurations en lien avec vos avocats ou nos partenaires.<\/p><p>Nos partenaires avocats vous assisteront dans le cadre de\u00a0montages complexes.<\/p>\t\t\t\t\t\t\t\t<\/div>\n\t\t\t\t<\/div>\n\t\t\t\t\t<\/div>\n\t\t<\/div>\n\t\t\t\t\t<\/div>\n\t\t<\/section>\n\t\t\t\t<section class=\"elementor-section elementor-top-section elementor-element elementor-element-49af9d9 elementor-section-boxed elementor-section-height-default elementor-section-height-default\" data-id=\"49af9d9\" data-element_type=\"section\" data-e-type=\"section\">\n\t\t\t\t\t\t<div class=\"elementor-container elementor-column-gap-default\">\n\t\t\t\t\t<div class=\"elementor-column elementor-col-100 elementor-top-column elementor-element elementor-element-6ef00c7\" data-id=\"6ef00c7\" data-element_type=\"column\" data-e-type=\"column\">\n\t\t\t<div class=\"elementor-widget-wrap elementor-element-populated\">\n\t\t\t\t\t\t<div class=\"elementor-element elementor-element-d75781d elementor-widget elementor-widget-spacer\" data-id=\"d75781d\" data-element_type=\"widget\" data-e-type=\"widget\" data-widget_type=\"spacer.default\">\n\t\t\t\t<div class=\"elementor-widget-container\">\n\t\t\t\t\t\t\t<div class=\"elementor-spacer\">\n\t\t\t<div class=\"elementor-spacer-inner\"><\/div>\n\t\t<\/div>\n\t\t\t\t\t\t<\/div>\n\t\t\t\t<\/div>\n\t\t\t\t\t<\/div>\n\t\t<\/div>\n\t\t\t\t\t<\/div>\n\t\t<\/section>\n\t\t\t\t<section class=\"elementor-section elementor-top-section elementor-element elementor-element-4f7ee24 elementor-section-boxed elementor-section-height-default elementor-section-height-default\" data-id=\"4f7ee24\" data-element_type=\"section\" data-e-type=\"section\">\n\t\t\t\t\t\t<div class=\"elementor-container elementor-column-gap-default\">\n\t\t\t\t\t<div class=\"elementor-column elementor-col-100 elementor-top-column elementor-element elementor-element-5dfe753\" data-id=\"5dfe753\" data-element_type=\"column\" data-e-type=\"column\">\n\t\t\t<div class=\"elementor-widget-wrap\">\n\t\t\t\t\t\t\t<\/div>\n\t\t<\/div>\n\t\t\t\t\t<\/div>\n\t\t<\/section>\n\t\t\t\t<\/div>\n\t\t","protected":false},"excerpt":{"rendered":"<p>Expertise Comptable Vos besoins sont sp\u00e9cifiques et votre entreprise est unique, c\u2019est pourquoi nous vous proposons des solutions flexibles et adapt\u00e9es \u00e0 votre taille et votre environnement. Nos solutions couvrent de la tenue compl\u00e8te de votre comptabilit\u00e9 par l\u2019externalisation de cette fonction \u00e0 l\u2019assistance de votre service comptable pour l\u2019\u00e9tablissement des \u00e9tats financiers et la [&hellip;]<\/p>\n","protected":false},"author":2,"featured_media":0,"parent":0,"menu_order":0,"comment_status":"closed","ping_status":"closed","template":"elementor_header_footer","meta":{"footnotes":""},"class_list":["post-212","page","type-page","status-publish","hentry"],"_links":{"self":[{"href":"https:\/\/www.artemid.fr\/index.php?rest_route=\/wp\/v2\/pages\/212","targetHints":{"allow":["GET"]}}],"collection":[{"href":"https:\/\/www.artemid.fr\/index.php?rest_route=\/wp\/v2\/pages"}],"about":[{"href":"https:\/\/www.artemid.fr\/index.php?rest_route=\/wp\/v2\/types\/page"}],"author":[{"embeddable":true,"href":"https:\/\/www.artemid.fr\/index.php?rest_route=\/wp\/v2\/users\/2"}],"replies":[{"embeddable":true,"href":"https:\/\/www.artemid.fr\/index.php?rest_route=%2Fwp%2Fv2%2Fcomments&post=212"}],"version-history":[{"count":54,"href":"https:\/\/www.artemid.fr\/index.php?rest_route=\/wp\/v2\/pages\/212\/revisions"}],"predecessor-version":[{"id":1130,"href":"https:\/\/www.artemid.fr\/index.php?rest_route=\/wp\/v2\/pages\/212\/revisions\/1130"}],"wp:attachment":[{"href":"https:\/\/www.artemid.fr\/index.php?rest_route=%2Fwp%2Fv2%2Fmedia&parent=212"}],"curies":[{"name":"wp","href":"https:\/\/api.w.org\/{rel}","templated":true}]}}